{"id":2,"date":"2025-12-10T22:49:31","date_gmt":"2025-12-10T22:49:31","guid":{"rendered":"http:\/\/technimoteur.com\/?page_id=2"},"modified":"2025-12-27T20:40:35","modified_gmt":"2025-12-27T20:40:35","slug":"reprogrammation-moteur-saint-brevins-les-pins-44250","status":"publish","type":"page","link":"https:\/\/technimoteur.com\/","title":{"rendered":"Reprogrammation moteur Saint-Brevins-les-Pins 44250"},"content":{"rendered":"\n<figure class=\"wp-block-image size-large\"><img loading=\"lazy\" decoding=\"async\" width=\"1024\" height=\"637\" src=\"http:\/\/technimoteur.com\/wp-content\/uploads\/2025\/12\/589422925_122095967421142887_200216318066552441_n-1024x637.png\" alt=\"\" class=\"wp-image-14\" srcset=\"https:\/\/technimoteur.com\/wp-content\/uploads\/2025\/12\/589422925_122095967421142887_200216318066552441_n-1024x637.png 1024w, https:\/\/technimoteur.com\/wp-content\/uploads\/2025\/12\/589422925_122095967421142887_200216318066552441_n-300x187.png 300w, https:\/\/technimoteur.com\/wp-content\/uploads\/2025\/12\/589422925_122095967421142887_200216318066552441_n-768x478.png 768w, https:\/\/technimoteur.com\/wp-content\/uploads\/2025\/12\/589422925_122095967421142887_200216318066552441_n-1536x955.png 1536w, https:\/\/technimoteur.com\/wp-content\/uploads\/2025\/12\/589422925_122095967421142887_200216318066552441_n.png 1656w\" sizes=\"auto, (max-width: 1024px) 100vw, 1024px\" \/><\/figure>\n\n\n\n<p>Vous \u00eates un particulier ou un professionnel ? Vous cherchez une solution fiable, performante et garantie pour votre v\u00e9hicule ? Nous avons ce qu&rsquo;il vous faut ! \ud83d\ude97<\/p>\n\n\n\n<p> Nos prestations : <\/p>\n\n\n\n<p>\u2705 Reprogrammation moteur \u2192 Optimisation des performances et du couple moteur, pour une conduite plus agr\u00e9able et plus r\u00e9active.<\/p>\n\n\n\n<p> \u2705 Conversion FlexFuel E85 \u2192 Roulez au bio\u00e9thanol (E85) en toute s\u00e9curit\u00e9. \u00c9conomies de carburant garanties. Fonctionnement hybride SP\/E85 possible. <\/p>\n\n\n\n<p>\u2705 Solutions AdBlue \/ SCR \/ NOx \u2192 D\u00e9marrage impossible dans XXX km ? \u2192 Voyant moteur, \u00ab\u00a0Anomalie SCR\u00a0\u00bb, \u00ab\u00a0Anti-pollution \u00e0 contr\u00f4ler\u00a0\u00bb, \u00ab\u00a0Ur\u00e9a\u00a0\u00bb allum\u00e9 ? \u2192 Nous proposons une solution d\u00e9finitive et garantie <\/p>\n\n\n\n<p>\u2705 Solutions FAP (Filtre \u00e0 particules) \u2192 Voyant FAP allum\u00e9 ? Filtre colmat\u00e9 ? R\u00e9g\u00e9n\u00e9rations en boucle ? \u2192 Nettoyage chimique \/ reg\u00e9n\u00e9ration forc\u00e9 possible \u2192 Suppression \/ d\u00e9sactivation FAP avec reprogrammation adapt\u00e9e, sans perte de puissance ni probl\u00e8me futur. <\/p>\n\n\n\n<p>\u2705 Solutions EGR (Vanne EGR) \u2192 D\u00e9fauts r\u00e9currents, encrassement, perte de puissance ? fum\u00e9e noir? \u2192 Suppression \u00e9lectronique propre et sans danger pour le moteur. <\/p>\n\n\n\n<p>\ud83d\udccd Intervention sur site <\/p>\n\n\n\n<p>\ud83d\udcc4 Facture fournie \u2013 Travail soign\u00e9 \u2013 Garantie incluse<\/p>\n\n\n\n<p> \ud83d\udcde Contactez-nous d\u00e8s maintenant pour un devis personnalis\u00e9. R\u00e9ponse rapide ! <\/p>\n\n\n\n<p>\ud83d\udd27 Professionnels de l\u2019automobile bienvenus \u2013 tarifs adapt\u00e9s <\/p>\n\n\n\n<p>\ud83c\udf0d Intervention sur un large panel de marques et mod\u00e8les \u2013 diagnostics pr\u00e9cis inclus <\/p>\n\n\n\n<p>Prestation sur mesure a la demande avec multiple option possible. <\/p>\n\n\n\n<p>Mat\u00e9riel professionnel et officiel Tarif selon la prestation.<\/p>\n\n\n\n<p><\/p>\n\n\n\n<p class=\"has-text-align-center\">06 68 12 69 73<br><\/p>\n\n\n\n<figure class=\"wp-block-image size-full\"><img loading=\"lazy\" decoding=\"async\" width=\"1018\" height=\"113\" src=\"http:\/\/technimoteur.com\/wp-content\/uploads\/2025\/12\/image-1.png\" alt=\"\" class=\"wp-image-23\" srcset=\"https:\/\/technimoteur.com\/wp-content\/uploads\/2025\/12\/image-1.png 1018w, https:\/\/technimoteur.com\/wp-content\/uploads\/2025\/12\/image-1-300x33.png 300w, https:\/\/technimoteur.com\/wp-content\/uploads\/2025\/12\/image-1-768x85.png 768w\" sizes=\"auto, (max-width: 1018px) 100vw, 1018px\" \/><\/figure>\n\n\n\n<figure class=\"wp-block-image size-full\"><img loading=\"lazy\" decoding=\"async\" width=\"1018\" height=\"113\" src=\"http:\/\/technimoteur.com\/wp-content\/uploads\/2025\/12\/image.png\" alt=\"\" class=\"wp-image-22\" srcset=\"https:\/\/technimoteur.com\/wp-content\/uploads\/2025\/12\/image.png 1018w, https:\/\/technimoteur.com\/wp-content\/uploads\/2025\/12\/image-300x33.png 300w, https:\/\/technimoteur.com\/wp-content\/uploads\/2025\/12\/image-768x85.png 768w\" sizes=\"auto, (max-width: 1018px) 100vw, 1018px\" \/><\/figure>\n\n\n\n<p><\/p>\n","protected":false},"excerpt":{"rendered":"<p>Vous \u00eates un particulier ou un professionnel ? Vous cherchez une solution fiable, performante et garantie pour votre v\u00e9hicule ? Nous avons ce qu&rsquo;il vous faut ! \ud83d\ude97 Nos prestations : \u2705 Reprogrammation moteur \u2192 Optimisation des performances et du couple moteur, pour une conduite plus agr\u00e9able et plus r\u00e9active. \u2705 Conversion FlexFuel E85 \u2192 [&hellip;]<\/p>\n","protected":false},"author":1,"featured_media":0,"parent":0,"menu_order":0,"comment_status":"closed","ping_status":"closed","template":"","meta":{"footnotes":""},"class_list":["post-2","page","type-page","status-publish","hentry"],"_links":{"self":[{"href":"https:\/\/technimoteur.com\/index.php?rest_route=\/wp\/v2\/pages\/2","targetHints":{"allow":["GET"]}}],"collection":[{"href":"https:\/\/technimoteur.com\/index.php?rest_route=\/wp\/v2\/pages"}],"about":[{"href":"https:\/\/technimoteur.com\/index.php?rest_route=\/wp\/v2\/types\/page"}],"author":[{"embeddable":true,"href":"https:\/\/technimoteur.com\/index.php?rest_route=\/wp\/v2\/users\/1"}],"replies":[{"embeddable":true,"href":"https:\/\/technimoteur.com\/index.php?rest_route=%2Fwp%2Fv2%2Fcomments&post=2"}],"version-history":[{"count":4,"href":"https:\/\/technimoteur.com\/index.php?rest_route=\/wp\/v2\/pages\/2\/revisions"}],"predecessor-version":[{"id":31,"href":"https:\/\/technimoteur.com\/index.php?rest_route=\/wp\/v2\/pages\/2\/revisions\/31"}],"wp:attachment":[{"href":"https:\/\/technimoteur.com\/index.php?rest_route=%2Fwp%2Fv2%2Fmedia&parent=2"}],"curies":[{"name":"wp","href":"https:\/\/api.w.org\/{rel}","templated":true}]}}